{"id":1355,"date":"2024-08-14T17:51:31","date_gmt":"2024-08-14T23:51:31","guid":{"rendered":"https:\/\/www.ts.com.mx\/?page_id=1355"},"modified":"2024-08-15T11:52:57","modified_gmt":"2024-08-15T17:52:57","slug":"exphotel-vallarta","status":"publish","type":"page","link":"https:\/\/www.ts.com.mx\/?page_id=1355","title":{"rendered":"Exphotel VALLARTA"},"content":{"rendered":"<h2>&nbsp;<img loading=\"lazy\" decoding=\"async\" class=\"alignnone wp-image-1336 size-full\" src=\"https:\/\/www.ts.com.mx\/wp-content\/uploads\/2024\/08\/EXPHOTEL-VALLARTA_2025.jpg\" alt=\"\" width=\"768\" height=\"512\" srcset=\"https:\/\/www.ts.com.mx\/wp-content\/uploads\/2024\/08\/EXPHOTEL-VALLARTA_2025.jpg 768w, https:\/\/www.ts.com.mx\/wp-content\/uploads\/2024\/08\/EXPHOTEL-VALLARTA_2025-300x200.jpg 300w\" sizes=\"(max-width: 767px) 89vw, (max-width: 1000px) 54vw, (max-width: 1071px) 543px, 580px\" \/><\/h2>\n<h2>EL FORO DE NEGOCIOS M\u00c1S IMPORTANTE PARA LA INDUSTRIA DE LA HOSPITALIDAD EN EL PAC\u00cdFICO- OCCIDENTE DE M\u00c9XICO.<\/h2>\n<p><strong>FICHA T\u00c9CNICA &#8211; EXPHOTEL VALLARTA<\/strong><br \/>\nEDICI\u00d3N: 1a. edici\u00f3n en el 2025<br \/>\nLUGAR: Puerto Vallarta, Jalisco. CENTRO INTERNACIONAL DE CONVENCIONES PUERTO VALLARTA.<br \/>\nTIPO: Exposici\u00f3n Internacional de proveedur\u00eda para la Industria de la Hospitalidad<br \/>\nFECHA: 4 al 6 de Marzo del 2025<br \/>\nTAMA\u00d1O: +5,000 m2.<br \/>\nASISTENCIA: M\u00e1s de 3,000 Compradores Profesionales.<br \/>\nWEB: <a href=\"https:\/\/www.exphotel.net\/\" target=\"_blank\" rel=\"noopener noreferrer\">www.exphotel.net<\/a><\/p>\n<p><strong>TEMA:<\/strong><br \/>\nExposici\u00f3n Internacional de proveedores para la Industria de la Hospitalidad (Sector HO.RE.CA.)<\/p>\n<p><strong>CATEGOR\u00cdA DE PRODUCTOS:<\/strong><\/p>\n<p><strong>Alimentos, Bebidas, Equipo, Tecnolog\u00eda, Loza y cristaler\u00eda, Blancos, Iluminaci\u00f3n, Servicios, Mantenimiento, Mobiliario, Enseres, Construcci\u00f3n, Decoraci\u00f3n, Seguridad, Amenidades, Transporte-Log\u00edstica, Finanzas, Recursos Humanos, Salud, Entretenimiento.<\/strong><\/p>\n<ul>\n<li><strong>Habitaciones<\/strong>: +70,234 (cifras DATATUR)<\/li>\n<li><strong>Restaurantes, cafeter\u00edas y bares:<\/strong>&nbsp; +6,500 (cifras DATATUR)<\/li>\n<li><strong>Derrama econ\u00f3mica:<\/strong> +$41,300 MP<\/li>\n<li><strong>Eventos especiales:<\/strong>&nbsp; Encuentro de Negocios \u00b7 Conferencias Magistrales \u00b7 Networkings \u00b7Seminarios &nbsp;\u00b7Talleres&nbsp; \u00b7 Muestra Gastron\u00f3mica \u00b7 Cata de Vinos \u00b7 Cata de Cerveza, Mezcal y Tequila&nbsp; \u00b7 Concursos \u00b7 Activaciones.<\/li>\n<\/ul>\n<p><strong>PERFIL DEL VISITANTE:<\/strong><br \/>\n<strong>Origen:<\/strong> 60% Occidente del Pa\u00eds \u00b7 25% Centro del Pa\u00eds \u00b7 12% USA, Canad\u00e1 y Europa \u00b7 3% Centroam\u00e9rica<\/p>\n<p><strong>Sectores:<\/strong> 43% Gran Turismo y 5 estrellas \u00b7 27% Hoteles de 4, 3 estrellas y Hoteles Boutique.<br \/>\n23% Restaurantes, \u00b7 4% Decoraci\u00f3n \u00b7 2% Spa\u00b4s \u00b7 0.6% Comedores Industriales \u00b7 0.3% Hospitales \u00b7 0.1% Instituciones Gubernamentales.<\/p>\n<p><strong>Nivel:<\/strong> 35% Gerente de Compras \u00b7 20% Direcci\u00f3n General \u00b7 15% Due\u00f1o \u00b7 12% Gerente A&amp;B \u00b7 8% Chef Ejecutivo \u00b7 5% Mantenimiento \u00b7 3% Sistemas \u00b7 2% Ama de Llaves y Otros.<\/p>\n<p><strong>Presupuesto:<\/strong>&nbsp; $8 MDD en negociaciones de corto a mediano plazo.<\/p>\n","protected":false},"excerpt":{"rendered":"<p>&nbsp; EL FORO DE NEGOCIOS M\u00c1S IMPORTANTE PARA LA INDUSTRIA DE LA HOSPITALIDAD EN EL PAC\u00cdFICO- OCCIDENTE DE M\u00c9XICO. FICHA T\u00c9CNICA &#8211; EXPHOTEL VALLARTA EDICI\u00d3N: 1a. edici\u00f3n en el 2025 LUGAR: Puerto Vallarta, Jalisco. CENTRO INTERNACIONAL DE CONVENCIONES PUERTO VALLARTA. TIPO: Exposici\u00f3n Internacional de proveedur\u00eda para la Industria de la Hospitalidad FECHA: 4 al 6 &hellip; <\/p>\n<p class=\"link-more\"><a href=\"https:\/\/www.ts.com.mx\/?page_id=1355\" class=\"more-link\">Continuar leyendo<span class=\"screen-reader-text\"> &#8220;Exphotel VALLARTA&#8221;<\/span><\/a><\/p>\n","protected":false},"author":1,"featured_media":1356,"parent":0,"menu_order":0,"comment_status":"closed","ping_status":"closed","template":"","meta":{"footnotes":""},"class_list":["post-1355","page","type-page","status-publish","has-post-thumbnail","hentry"],"_links":{"self":[{"href":"https:\/\/www.ts.com.mx\/index.php?rest_route=\/wp\/v2\/pages\/1355"}],"collection":[{"href":"https:\/\/www.ts.com.mx\/index.php?rest_route=\/wp\/v2\/pages"}],"about":[{"href":"https:\/\/www.ts.com.mx\/index.php?rest_route=\/wp\/v2\/types\/page"}],"author":[{"embeddable":true,"href":"https:\/\/www.ts.com.mx\/index.php?rest_route=\/wp\/v2\/users\/1"}],"replies":[{"embeddable":true,"href":"https:\/\/www.ts.com.mx\/index.php?rest_route=%2Fwp%2Fv2%2Fcomments&post=1355"}],"version-history":[{"count":2,"href":"https:\/\/www.ts.com.mx\/index.php?rest_route=\/wp\/v2\/pages\/1355\/revisions"}],"predecessor-version":[{"id":1360,"href":"https:\/\/www.ts.com.mx\/index.php?rest_route=\/wp\/v2\/pages\/1355\/revisions\/1360"}],"wp:featuredmedia":[{"embeddable":true,"href":"https:\/\/www.ts.com.mx\/index.php?rest_route=\/wp\/v2\/media\/1356"}],"wp:attachment":[{"href":"https:\/\/www.ts.com.mx\/index.php?rest_route=%2Fwp%2Fv2%2Fmedia&parent=1355"}],"curies":[{"name":"wp","href":"https:\/\/api.w.org\/{rel}","templated":true}]}}