{"id":136,"date":"2017-01-20T11:29:21","date_gmt":"2017-01-20T17:29:21","guid":{"rendered":"http:\/\/wp.ts.com.mx\/?page_id=136"},"modified":"2024-03-01T12:21:34","modified_gmt":"2024-03-01T18:21:34","slug":"quienes-somos-2","status":"publish","type":"page","link":"https:\/\/www.ts.com.mx\/?page_id=136","title":{"rendered":"Qui\u00e9nes Somos"},"content":{"rendered":"<p>Desde <strong>1983<\/strong>, somos una empresa destacada en <strong>Comunicaci\u00f3n Visual Integral<\/strong>, cuya experiencia y reputaci\u00f3n han trascendido por m\u00e1s de tres d\u00e9cadas. Debido a ello, nuestros clientes han manifestado con satisfacci\u00f3n la especializaci\u00f3n que hemos adquirido en ese terreno.<\/p>\n<p>Somos miembros de la International Association of Exhibition and Events.<\/p>\n<p>El \u00e1mbito de nuestro desarrollo se reconoce nacional e internacionalmente. Estamos preparados para las necesidades de <strong>Comunicaci\u00f3n Visual Integral<\/strong> que tienen nuestros clientes en los Estados Unidos, Canad\u00e1, Europa y Am\u00e9rica Latina a trav\u00e9s de nuestros corresponsales y asociados.<\/p>\n<p>En el desarrollo de la <strong>Comunicaci\u00f3n Visual Integral<\/strong>, mantenemos bien definidos los objetivos de nuestros clientes. A su vez dedicamos especial atenci\u00f3n en los matices m\u00e1s finos de producci\u00f3n, para el desarrollo de nuestras encomiendas.<\/p>\n","protected":false},"excerpt":{"rendered":"<p>Desde 1983, somos una empresa destacada en Comunicaci\u00f3n Visual Integral, cuya experiencia y reputaci\u00f3n han trascendido por m\u00e1s de tres d\u00e9cadas. Debido a ello, nuestros clientes han manifestado con satisfacci\u00f3n la especializaci\u00f3n que hemos adquirido en ese terreno. Somos miembros de la International Association of Exhibition and Events. El \u00e1mbito de nuestro desarrollo se reconoce &hellip; <\/p>\n<p class=\"link-more\"><a href=\"https:\/\/www.ts.com.mx\/?page_id=136\" class=\"more-link\">Continuar leyendo<span class=\"screen-reader-text\"> &#8220;Qui\u00e9nes Somos&#8221;<\/span><\/a><\/p>\n","protected":false},"author":1,"featured_media":1268,"parent":0,"menu_order":0,"comment_status":"closed","ping_status":"closed","template":"","meta":{"footnotes":""},"class_list":["post-136","page","type-page","status-publish","has-post-thumbnail","hentry"],"_links":{"self":[{"href":"https:\/\/www.ts.com.mx\/index.php?rest_route=\/wp\/v2\/pages\/136"}],"collection":[{"href":"https:\/\/www.ts.com.mx\/index.php?rest_route=\/wp\/v2\/pages"}],"about":[{"href":"https:\/\/www.ts.com.mx\/index.php?rest_route=\/wp\/v2\/types\/page"}],"author":[{"embeddable":true,"href":"https:\/\/www.ts.com.mx\/index.php?rest_route=\/wp\/v2\/users\/1"}],"replies":[{"embeddable":true,"href":"https:\/\/www.ts.com.mx\/index.php?rest_route=%2Fwp%2Fv2%2Fcomments&post=136"}],"version-history":[{"count":14,"href":"https:\/\/www.ts.com.mx\/index.php?rest_route=\/wp\/v2\/pages\/136\/revisions"}],"predecessor-version":[{"id":1255,"href":"https:\/\/www.ts.com.mx\/index.php?rest_route=\/wp\/v2\/pages\/136\/revisions\/1255"}],"wp:featuredmedia":[{"embeddable":true,"href":"https:\/\/www.ts.com.mx\/index.php?rest_route=\/wp\/v2\/media\/1268"}],"wp:attachment":[{"href":"https:\/\/www.ts.com.mx\/index.php?rest_route=%2Fwp%2Fv2%2Fmedia&parent=136"}],"curies":[{"name":"wp","href":"https:\/\/api.w.org\/{rel}","templated":true}]}}