{"id":172,"date":"2017-01-23T14:45:06","date_gmt":"2017-01-23T20:45:06","guid":{"rendered":"http:\/\/wp.ts.com.mx\/?page_id=172"},"modified":"2020-02-14T16:38:51","modified_gmt":"2020-02-14T22:38:51","slug":"organizacion","status":"publish","type":"page","link":"https:\/\/www.ts.com.mx\/?page_id=172","title":{"rendered":"Organizaci\u00f3n"},"content":{"rendered":"<p>&nbsp;<\/p>\n<p>Nuestro sistema de organizaci\u00f3n se caracteriza por su seriedad y profesionalismo, aplicado a soluciones pr\u00e1cticas innovadoras y con un alto \u00edndice de <strong>Excelencia<\/strong>, el cual se traduce en eficiencia.<\/p>\n<p>Empleamos todo el potencial de nuestra experiencia y conocimiento estrat\u00e9gico. Es por ello que creemos en lo esencial que resulta el concepto creativo en la organizaci\u00f3n de cualquier disciplina de comunicaci\u00f3n. Es as\u00ed como establecemos un binomio: Empresa-Cliente que act\u00faan con un mismo objetivo.<\/p>\n<p>Para nuestra empresa, la magnitud de los presupuestos del cliente es secundario; lo primario es, en definitiva: <strong>&#8220;El objetivo del cliente&#8221;<\/strong>.<\/p>\n<p><strong>Grupo Trade Show<\/strong> est\u00e1 en el negocio de incrementar las alternativas y ganancias de nuestros clientes. La competencia en el medio nos impulsa a encontrar soluciones de <strong>Comunicaci\u00f3n Visual Integral<\/strong> m\u00e1s eficientes, r\u00e1pidas y econ\u00f3micas.<\/p>\n<p>La organizaci\u00f3n est\u00e1 integrada por un grupo de profesionales especializados para cada una de las divisiones; Nuestro primordial inter\u00e9s es atender en forma directa al cliente, para evitar intermediaciones burocr\u00e1ticas.<\/p>\n<p>Hacemos m\u00e1s f\u00e1cil y r\u00e1pida la comprensi\u00f3n de los planteamientos que les son expresados, personalizando finalmente la relaci\u00f3n: Empresa-Cliente.<\/p>\n","protected":false},"excerpt":{"rendered":"<p>&nbsp; Nuestro sistema de organizaci\u00f3n se caracteriza por su seriedad y profesionalismo, aplicado a soluciones pr\u00e1cticas innovadoras y con un alto \u00edndice de Excelencia, el cual se traduce en eficiencia. Empleamos todo el potencial de nuestra experiencia y conocimiento estrat\u00e9gico. Es por ello que creemos en lo esencial que resulta el concepto creativo en la &hellip; <\/p>\n<p class=\"link-more\"><a href=\"https:\/\/www.ts.com.mx\/?page_id=172\" class=\"more-link\">Continuar leyendo<span class=\"screen-reader-text\"> &#8220;Organizaci\u00f3n&#8221;<\/span><\/a><\/p>\n","protected":false},"author":1,"featured_media":1092,"parent":0,"menu_order":0,"comment_status":"closed","ping_status":"closed","template":"","meta":{"footnotes":""},"class_list":["post-172","page","type-page","status-publish","has-post-thumbnail","hentry"],"_links":{"self":[{"href":"https:\/\/www.ts.com.mx\/index.php?rest_route=\/wp\/v2\/pages\/172"}],"collection":[{"href":"https:\/\/www.ts.com.mx\/index.php?rest_route=\/wp\/v2\/pages"}],"about":[{"href":"https:\/\/www.ts.com.mx\/index.php?rest_route=\/wp\/v2\/types\/page"}],"author":[{"embeddable":true,"href":"https:\/\/www.ts.com.mx\/index.php?rest_route=\/wp\/v2\/users\/1"}],"replies":[{"embeddable":true,"href":"https:\/\/www.ts.com.mx\/index.php?rest_route=%2Fwp%2Fv2%2Fcomments&post=172"}],"version-history":[{"count":7,"href":"https:\/\/www.ts.com.mx\/index.php?rest_route=\/wp\/v2\/pages\/172\/revisions"}],"predecessor-version":[{"id":515,"href":"https:\/\/www.ts.com.mx\/index.php?rest_route=\/wp\/v2\/pages\/172\/revisions\/515"}],"wp:featuredmedia":[{"embeddable":true,"href":"https:\/\/www.ts.com.mx\/index.php?rest_route=\/wp\/v2\/media\/1092"}],"wp:attachment":[{"href":"https:\/\/www.ts.com.mx\/index.php?rest_route=%2Fwp%2Fv2%2Fmedia&parent=172"}],"curies":[{"name":"wp","href":"https:\/\/api.w.org\/{rel}","templated":true}]}}