{"id":179,"date":"2017-01-23T15:00:21","date_gmt":"2017-01-23T21:00:21","guid":{"rendered":"http:\/\/wp.ts.com.mx\/?page_id=179"},"modified":"2024-08-15T11:51:44","modified_gmt":"2024-08-15T17:51:44","slug":"exphotel","status":"publish","type":"page","link":"https:\/\/www.ts.com.mx\/?page_id=179","title":{"rendered":"Exphotel CANC\u00daN"},"content":{"rendered":"<h2>&nbsp;<img loading=\"lazy\" decoding=\"async\" class=\"alignnone wp-image-1341 size-full\" src=\"https:\/\/www.ts.com.mx\/wp-content\/uploads\/2024\/08\/EPHOTEL-PANORAMICA-2025.jpg\" alt=\"\" width=\"768\" height=\"512\" srcset=\"https:\/\/www.ts.com.mx\/wp-content\/uploads\/2024\/08\/EPHOTEL-PANORAMICA-2025.jpg 768w, https:\/\/www.ts.com.mx\/wp-content\/uploads\/2024\/08\/EPHOTEL-PANORAMICA-2025-300x200.jpg 300w\" sizes=\"(max-width: 767px) 89vw, (max-width: 1000px) 54vw, (max-width: 1071px) 543px, 580px\" \/><\/h2>\n<h2>EL FORO DE NEGOCIOS M\u00c1S IMPORTANTE PARA LA INDUSTRIA DE LA HOSPITALIDAD EN M\u00c9XICO Y EL CARIBE.<\/h2>\n<p><strong>FICHA T\u00c9CNICA &#8211; EXPHOTEL<\/strong><br \/>\nEDICI\u00d3N: 28a. edici\u00f3n en el 2025<br \/>\nLUGAR: Canc\u00fan, M\u00e9xico. CANCUN CENTER<br \/>\nTIPO: Exposici\u00f3n Internacional de proveedur\u00eda para la Industria de la Hospitalidad<br \/>\nFECHA: 10 al 12 de Junio del 2025<br \/>\nTAMA\u00d1O: +14,000 m2.<br \/>\nASISTENCIA: M\u00e1s de 8,000 Compradores Profesionales.<br \/>\nWEB: <a href=\"https:\/\/www.exphotel.net\/\" target=\"_blank\" rel=\"noopener noreferrer\">www.exphotel.net<\/a><\/p>\n<p><strong>TEMA:<\/strong><br \/>\nExposici\u00f3n Internacional de proveedores para la Industria de la Hospitalidad (Sector HO.RE.CA.)<\/p>\n<p><strong>CATEGOR\u00cdA DE PRODUCTOS:<\/strong><\/p>\n<p><strong>Alimentos, Bebidas, Equipo, Tecnolog\u00eda, Loza y cristaler\u00eda, Blancos, Iluminaci\u00f3n, Servicios, Mantenimiento, Mobiliario, Enseres, Construcci\u00f3n, Decoraci\u00f3n, Seguridad, Amenidades, Transporte-Log\u00edstica, Finanzas, Recursos Humanos, Salud, Entretenimiento.<\/strong><\/p>\n<ul>\n<li><strong>Habitaciones<\/strong>: +131,022 (cifras SEDETUR)<\/li>\n<li><strong>Restaurantes, cafeter\u00edas y bares:<\/strong>&nbsp; +2,700 (cifras SEDETUR)<\/li>\n<li><strong>Derrama econ\u00f3mica:<\/strong> +$20.5 Mil Millones de D\u00f3lares<\/li>\n<li><strong>Eventos especiales:<\/strong>&nbsp; Encuentro de Negocios \u00b7 Conferencias Magistrales \u00b7 Networkings \u00b7Seminarios &nbsp;\u00b7Talleres&nbsp; \u00b7 Muestra Gastron\u00f3mica \u00b7 Cata de Vinos \u00b7 Cata de Cerveza, Mezcal y Tequila&nbsp; \u00b7 Concursos \u00b7 Activaciones.<\/li>\n<\/ul>\n<p><strong>PERFIL DEL VISITANTE:<\/strong><br \/>\n<strong>Origen:<\/strong> 64.8% Sureste del Pa\u00eds \u00b7 21.3% Centro del Pa\u00eds \u00b7 11.2% Caribe y Centroam\u00e9rica y 2.7% USA, Canad\u00e1 y Otros pa\u00edses.<\/p>\n<p><strong>Sectores:<\/strong> 49.2% Gran Turismo y 5 estrellas \u00b7 18.4% Hoteles de 4, 3 estrellas y Hoteles Boutique.<br \/>\n17.9% Restaurantes, Cafeter\u00edas, Bares \u00b7 6.1% Tecnolog\u00eda \u00b7 5.2% Construcci\u00f3n y Mantenimiento \u00b7&nbsp;2% Decoraci\u00f3n \u00b7 0.7% Transporte y Log\u00edstica \u00b7 0.3% Comedores Industriales<\/p>\n<p><strong>Nivel:<\/strong> 36.2% Gerente de Compras \u00b7 19.5% Direcci\u00f3n General \u00b7 18.3% Due\u00f1o \u00b7 10.2% Gerente A&amp;B \u00b7 9.1% Mantenimiento \u00b7 6.7% Chef Ejecutivo y Otros<\/p>\n<p><strong>Presupuesto:<\/strong>&nbsp; $14 MDD en negociaciones de corto a mediano plazo.<\/p>\n","protected":false},"excerpt":{"rendered":"<p>&nbsp; EL FORO DE NEGOCIOS M\u00c1S IMPORTANTE PARA LA INDUSTRIA DE LA HOSPITALIDAD EN M\u00c9XICO Y EL CARIBE. FICHA T\u00c9CNICA &#8211; EXPHOTEL EDICI\u00d3N: 28a. edici\u00f3n en el 2025 LUGAR: Canc\u00fan, M\u00e9xico. CANCUN CENTER TIPO: Exposici\u00f3n Internacional de proveedur\u00eda para la Industria de la Hospitalidad FECHA: 10 al 12 de Junio del 2025 TAMA\u00d1O: +14,000 m2. &hellip; <\/p>\n<p class=\"link-more\"><a href=\"https:\/\/www.ts.com.mx\/?page_id=179\" class=\"more-link\">Continuar leyendo<span class=\"screen-reader-text\"> &#8220;Exphotel CANC\u00daN&#8221;<\/span><\/a><\/p>\n","protected":false},"author":1,"featured_media":1348,"parent":0,"menu_order":0,"comment_status":"closed","ping_status":"closed","template":"","meta":{"footnotes":""},"class_list":["post-179","page","type-page","status-publish","has-post-thumbnail","hentry"],"_links":{"self":[{"href":"https:\/\/www.ts.com.mx\/index.php?rest_route=\/wp\/v2\/pages\/179"}],"collection":[{"href":"https:\/\/www.ts.com.mx\/index.php?rest_route=\/wp\/v2\/pages"}],"about":[{"href":"https:\/\/www.ts.com.mx\/index.php?rest_route=\/wp\/v2\/types\/page"}],"author":[{"embeddable":true,"href":"https:\/\/www.ts.com.mx\/index.php?rest_route=\/wp\/v2\/users\/1"}],"replies":[{"embeddable":true,"href":"https:\/\/www.ts.com.mx\/index.php?rest_route=%2Fwp%2Fv2%2Fcomments&post=179"}],"version-history":[{"count":53,"href":"https:\/\/www.ts.com.mx\/index.php?rest_route=\/wp\/v2\/pages\/179\/revisions"}],"predecessor-version":[{"id":1359,"href":"https:\/\/www.ts.com.mx\/index.php?rest_route=\/wp\/v2\/pages\/179\/revisions\/1359"}],"wp:featuredmedia":[{"embeddable":true,"href":"https:\/\/www.ts.com.mx\/index.php?rest_route=\/wp\/v2\/media\/1348"}],"wp:attachment":[{"href":"https:\/\/www.ts.com.mx\/index.php?rest_route=%2Fwp%2Fv2%2Fmedia&parent=179"}],"curies":[{"name":"wp","href":"https:\/\/api.w.org\/{rel}","templated":true}]}}