{"id":183,"date":"2017-01-23T16:18:02","date_gmt":"2017-01-23T22:18:02","guid":{"rendered":"http:\/\/wp.ts.com.mx\/?page_id=183"},"modified":"2020-01-09T17:58:03","modified_gmt":"2020-01-09T23:58:03","slug":"expo-hr","status":"publish","type":"page","link":"https:\/\/www.ts.com.mx\/?page_id=183","title":{"rendered":"Expo H&#038;R"},"content":{"rendered":"<h2><img loading=\"lazy\" decoding=\"async\" class=\"alignnone wp-image-1020 size-full\" src=\"http:\/\/www.ts.com.mx\/wp-content\/uploads\/2017\/01\/HR-768-X-512-1.jpg\" alt=\"\" width=\"768\" height=\"512\" srcset=\"https:\/\/www.ts.com.mx\/wp-content\/uploads\/2017\/01\/HR-768-X-512-1.jpg 768w, https:\/\/www.ts.com.mx\/wp-content\/uploads\/2017\/01\/HR-768-X-512-1-300x200.jpg 300w\" sizes=\"(max-width: 767px) 89vw, (max-width: 1000px) 54vw, (max-width: 1071px) 543px, 580px\" \/><\/h2>\n<h2>GRAN BANQUETE DE\u00a0NEGOCIOS HO. RE. CA.<\/h2>\n<p><strong>FICHA T\u00c9CNICA &#8211; EXPO H&amp;R<\/strong><br \/>\nEDICIONES: 2<br \/>\nLUGAR: Pto. Vallarta, M\u00e9xico. CENTRO DE CONVENCIONES PTO. VALLARTA<br \/>\nTIPO: Exposici\u00f3n Internacional de proveedur\u00eda para el sector HO.RE.CA.<br \/>\nASISTENCIA: 2,500 Visitantes calificados con poder de compra.<br \/>\nWEB: www.ts.com.mx<\/p>\n<p><strong>TEMA:<\/strong><br \/>\nExposici\u00f3n Internacional de proveedores de la Industria Hotelera, Restaurantera, Bares, Discotecas y Spa\u00b4s. Muestra de alimentos, bebidas, blancos, enseres, equipo, iluminaci\u00f3n, loza, cristaler\u00eda, mobiliario, tecnolog\u00eda, servicios y mucho m\u00e1s.<\/p>\n<p><strong>CATEGOR\u00cdA DE PRODUCTOS:<\/strong><br \/>\n<strong>Alimentos y Bebidas:<\/strong><br \/>\n\u00c9tnicos; Bebidas no alcoh\u00f3licas; C\u00e1rnicos y aves; Cerveza, vinos y licores; Especialidades; Panes y pasteler\u00eda; Pescados y mariscos; Postres; Enlatados; Productos secos; Sazonadores y condimentos.<\/p>\n<p><strong>Equipos y Servicios para Restaurantes y Bares:<\/strong><br \/>\nBater\u00edas; Cuchiller\u00eda; Entretenimiento; Bares; Equipo mayor de cocina; Ahorro de Energ\u00eda; franquicias; manteler\u00eda; control de plagas; refrigeraci\u00f3n; vajillas y cubiertos.<\/p>\n<p><strong>Equipos y Servicios para Hoteler\u00eda e Instituciones:<\/strong><br \/>\nSpa&#8217;s; Albercas; Ba\u00f1os; Blancos; Colchones; Gimnasios; Iluminaci\u00f3n; Jardines; Mobiliario; Productos desechables; Seguridad; Uniformes; Telefon\u00eda; Decoraci\u00f3n; Sonido; Video.<\/p>\n<p><strong>Habitaciones<\/strong>: M\u00e1s de 32,000<br \/>\n<strong>Restaurantes:<\/strong> M\u00e1s de 200<br \/>\n<strong>Bares y discotecas:<\/strong> M\u00e1s de 420<br \/>\n<strong>Spa\u00b4s:<\/strong> M\u00e1s de 80<br \/>\n<strong>Adquisici\u00f3n anual aprox.:<\/strong> $60 Millones de D\u00f3lares<br \/>\n<strong>Eventos especiales:<\/strong> Encuentro de Negocios &#8211; Demostraci\u00f3n Gastron\u00f3mica &#8211; Concurso de Cocteler\u00eda &#8211; Programa de Conferencias \u2013 Presentaciones T\u00e9cnico Comerciales \u2013 Concurso de Ama de Llaves.<\/p>\n<p><strong>PERFIL DEL VISITANTE:<\/strong><br \/>\n<strong>Origen:<\/strong> 40% Jalisco \u2013 48% Nayarit, Colima, Guerrero, Baja California Norte, Baja California Sur, Sinaloa, Quer\u00e9taro, Guanajuato, Michoac\u00e1n y 12% Internacional.<\/p>\n<p><strong>Sectores:<\/strong> 40% Restaurantes y Cafeter\u00edas \u2013 29% Gran Turismo y 5 estrellas \u2013 6% Comida R\u00e1pida \u2013 5% Hoteles de 4,3 estrellas y Tiempo Compartido \u2013 5 % Comedores Industriales \u2013 5% Escuelas y Universidades \u2013 2% Instituciones Gubernamentales y Centros de Readaptaci\u00f3n \u2013 y 8% Otros Sectores.<\/p>\n<p><strong>Nivel:<\/strong> 36% Propietario o Socio \u2013 18% Direcci\u00f3n \u2013 10% Gerente de Establecimiento \u2013 10% Gerente de Compras \u2013 4% Gerente de Alimentos y Bebidas \u2013 4% Chef Ejecutivo \u2013 y 18% Otros.<\/p>\n<p><strong>Presupuesto:<\/strong> $ 80,000.00 USD promedio de inversi\u00f3n por visitante a corto plazo.<\/p>\n","protected":false},"excerpt":{"rendered":"<p>GRAN BANQUETE DE\u00a0NEGOCIOS HO. RE. CA. FICHA T\u00c9CNICA &#8211; EXPO H&amp;R EDICIONES: 2 LUGAR: Pto. Vallarta, M\u00e9xico. CENTRO DE CONVENCIONES PTO. VALLARTA TIPO: Exposici\u00f3n Internacional de proveedur\u00eda para el sector HO.RE.CA. ASISTENCIA: 2,500 Visitantes calificados con poder de compra. WEB: www.ts.com.mx TEMA: Exposici\u00f3n Internacional de proveedores de la Industria Hotelera, Restaurantera, Bares, Discotecas y Spa\u00b4s. &hellip; <\/p>\n<p class=\"link-more\"><a href=\"https:\/\/www.ts.com.mx\/?page_id=183\" class=\"more-link\">Continuar leyendo<span class=\"screen-reader-text\"> &#8220;Expo H&#038;R&#8221;<\/span><\/a><\/p>\n","protected":false},"author":1,"featured_media":1037,"parent":0,"menu_order":0,"comment_status":"closed","ping_status":"closed","template":"","meta":{"footnotes":""},"class_list":["post-183","page","type-page","status-publish","has-post-thumbnail","hentry"],"_links":{"self":[{"href":"https:\/\/www.ts.com.mx\/index.php?rest_route=\/wp\/v2\/pages\/183"}],"collection":[{"href":"https:\/\/www.ts.com.mx\/index.php?rest_route=\/wp\/v2\/pages"}],"about":[{"href":"https:\/\/www.ts.com.mx\/index.php?rest_route=\/wp\/v2\/types\/page"}],"author":[{"embeddable":true,"href":"https:\/\/www.ts.com.mx\/index.php?rest_route=\/wp\/v2\/users\/1"}],"replies":[{"embeddable":true,"href":"https:\/\/www.ts.com.mx\/index.php?rest_route=%2Fwp%2Fv2%2Fcomments&post=183"}],"version-history":[{"count":19,"href":"https:\/\/www.ts.com.mx\/index.php?rest_route=\/wp\/v2\/pages\/183\/revisions"}],"predecessor-version":[{"id":1036,"href":"https:\/\/www.ts.com.mx\/index.php?rest_route=\/wp\/v2\/pages\/183\/revisions\/1036"}],"wp:featuredmedia":[{"embeddable":true,"href":"https:\/\/www.ts.com.mx\/index.php?rest_route=\/wp\/v2\/media\/1037"}],"wp:attachment":[{"href":"https:\/\/www.ts.com.mx\/index.php?rest_route=%2Fwp%2Fv2%2Fmedia&parent=183"}],"curies":[{"name":"wp","href":"https:\/\/api.w.org\/{rel}","templated":true}]}}