{"id":186,"date":"2017-01-23T16:20:39","date_gmt":"2017-01-23T22:20:39","guid":{"rendered":"http:\/\/wp.ts.com.mx\/?page_id=186"},"modified":"2020-01-09T15:48:14","modified_gmt":"2020-01-09T21:48:14","slug":"expo-industrial","status":"publish","type":"page","link":"https:\/\/www.ts.com.mx\/?page_id=186","title":{"rendered":"Expo Industrial"},"content":{"rendered":"<h2><img loading=\"lazy\" decoding=\"async\" class=\"alignnone size-full wp-image-557\" src=\"http:\/\/www.ts.com.mx\/wp-content\/uploads\/2017\/01\/industrial-768-X-512.jpg\" alt=\"\" width=\"768\" height=\"512\" srcset=\"https:\/\/www.ts.com.mx\/wp-content\/uploads\/2017\/01\/industrial-768-X-512.jpg 768w, https:\/\/www.ts.com.mx\/wp-content\/uploads\/2017\/01\/industrial-768-X-512-300x200.jpg 300w\" sizes=\"(max-width: 767px) 89vw, (max-width: 1000px) 54vw, (max-width: 1071px) 543px, 580px\" \/><\/h2>\n<h2>LA INDUSTRIA SONORENSE BAJO UN MISMO TECHO.<\/h2>\n<p><strong>FICHA T\u00c9CNICA &#8211; EXPO INDUSTRIAL SONORA<\/strong><br \/>\nEDICIONES: 10<br \/>\nLUGAR: Centro de Convenciones y Exposiciones de Hermosillo &#8220;EXPO FORUM&#8221;<br \/>\nTIPO: Exposici\u00f3n Internacional de Insumos y Servicios para las Industrias El\u00e9ctrica, Maquiladora, Minera, Automotriz, Construcci\u00f3n, Aeron\u00e1utica, Agroindustrial.<br \/>\nTAMA\u00d1O: 9,000 m2.<\/p>\n<p><span style=\"font-size: 1rem;\">ASISTENCIA: 6,000 Visitantes calificados con poder de compra.<\/span><\/p>\n<p>WEB: www.ts.com.mx<\/p>\n<p><strong>TEMA:<\/strong><br \/>\nMuestra de Insumos y Servicios para las Industrias El\u00e9ctrica, Maquiladora, Minera, Automotriz, Construcci\u00f3n, Log\u00edstica, Metal-Mec\u00e1nica, Aeron\u00e1utica, Agroindustrial.<\/p>\n<p><strong>DIFUSI\u00d3N Y PUBLICIDAD:<\/strong><br \/>\nInvitaciones VIP, Revistas especializadas, Prensa y Radio, Anuncios Espectaculares, Posters, Mailings, Gafetes, Redes Sociales.<\/p>\n<p><strong>VISITANTES POR REGI\u00d3N:<\/strong><br \/>\n65% Estados del Noroeste, 5% Extranjeros, 30% Resto de la Rep\u00fablica Mexicana.<\/p>\n<p><strong>VISITANTES CALIFICADOS:<\/strong><br \/>\nDirectores Generales, Directores Comerciales, Directores de Nuevos Proyectos, Gerentes Administrativos, Gerentes de Adquisiciones, Gerentes de Planta, Gerentes de Mantenimiento, T\u00e9cnicos Especializados, Constructores, Proyectistas, Distribuidores, Fabricantes, Funcionarios P\u00fablicos, Promotores Inmobiliarios, Banqueros, Inversionistas Nacionales e Internacionales.<\/p>\n","protected":false},"excerpt":{"rendered":"<p>LA INDUSTRIA SONORENSE BAJO UN MISMO TECHO. FICHA T\u00c9CNICA &#8211; EXPO INDUSTRIAL SONORA EDICIONES: 10 LUGAR: Centro de Convenciones y Exposiciones de Hermosillo &#8220;EXPO FORUM&#8221; TIPO: Exposici\u00f3n Internacional de Insumos y Servicios para las Industrias El\u00e9ctrica, Maquiladora, Minera, Automotriz, Construcci\u00f3n, Aeron\u00e1utica, Agroindustrial. TAMA\u00d1O: 9,000 m2. ASISTENCIA: 6,000 Visitantes calificados con poder de compra. WEB: www.ts.com.mx &hellip; <\/p>\n<p class=\"link-more\"><a href=\"https:\/\/www.ts.com.mx\/?page_id=186\" class=\"more-link\">Continuar leyendo<span class=\"screen-reader-text\"> &#8220;Expo Industrial&#8221;<\/span><\/a><\/p>\n","protected":false},"author":1,"featured_media":559,"parent":0,"menu_order":0,"comment_status":"closed","ping_status":"closed","template":"","meta":{"footnotes":""},"class_list":["post-186","page","type-page","status-publish","has-post-thumbnail","hentry"],"_links":{"self":[{"href":"https:\/\/www.ts.com.mx\/index.php?rest_route=\/wp\/v2\/pages\/186"}],"collection":[{"href":"https:\/\/www.ts.com.mx\/index.php?rest_route=\/wp\/v2\/pages"}],"about":[{"href":"https:\/\/www.ts.com.mx\/index.php?rest_route=\/wp\/v2\/types\/page"}],"author":[{"embeddable":true,"href":"https:\/\/www.ts.com.mx\/index.php?rest_route=\/wp\/v2\/users\/1"}],"replies":[{"embeddable":true,"href":"https:\/\/www.ts.com.mx\/index.php?rest_route=%2Fwp%2Fv2%2Fcomments&post=186"}],"version-history":[{"count":14,"href":"https:\/\/www.ts.com.mx\/index.php?rest_route=\/wp\/v2\/pages\/186\/revisions"}],"predecessor-version":[{"id":1026,"href":"https:\/\/www.ts.com.mx\/index.php?rest_route=\/wp\/v2\/pages\/186\/revisions\/1026"}],"wp:featuredmedia":[{"embeddable":true,"href":"https:\/\/www.ts.com.mx\/index.php?rest_route=\/wp\/v2\/media\/559"}],"wp:attachment":[{"href":"https:\/\/www.ts.com.mx\/index.php?rest_route=%2Fwp%2Fv2%2Fmedia&parent=186"}],"curies":[{"name":"wp","href":"https:\/\/api.w.org\/{rel}","templated":true}]}}