{"id":201,"date":"2017-01-23T16:33:57","date_gmt":"2017-01-23T22:33:57","guid":{"rendered":"http:\/\/wp.ts.com.mx\/?page_id=201"},"modified":"2017-01-27T17:46:40","modified_gmt":"2017-01-27T23:46:40","slug":"sistema","status":"publish","type":"page","link":"https:\/\/www.ts.com.mx\/?page_id=201","title":{"rendered":"Sistema"},"content":{"rendered":"<p><strong>Stand 100% comercial.<\/strong> Cumple con todo lo necesario para recibir a sus visitantes y futuros prospectos en una exposici\u00f3n o congreso; de muy r\u00e1pida instalaci\u00f3n. Lo asesoramos en el tipo de stand m\u00e1s conveniente para promover su marca. Aluminio modulado con p\u00e1neles en PVC espumado, acr\u00edlicos, cristal, etc. Este tipo de sistema est\u00e1 compuesto por aluminio natural anodizado semimate de forma octagonal, que se estructura con perfiles planos de 5 cm (largueros), que se complementa con p\u00e1neles en diversos materiales como son: acr\u00edlicos, PVC espumado, policarbonatos, macocel pintado, laminados pl\u00e1sticos, etc., todos con un espesor de 3 mm.<\/p>\n<p><strong>Este sistema tiene la cualidad de ser r\u00e1pido en su preparaci\u00f3n e instalaci\u00f3n. Se ofrecen en las opciones de renta o venta.<\/strong><\/p>\n","protected":false},"excerpt":{"rendered":"<p>Stand 100% comercial. Cumple con todo lo necesario para recibir a sus visitantes y futuros prospectos en una exposici\u00f3n o congreso; de muy r\u00e1pida instalaci\u00f3n. Lo asesoramos en el tipo de stand m\u00e1s conveniente para promover su marca. Aluminio modulado con p\u00e1neles en PVC espumado, acr\u00edlicos, cristal, etc. Este tipo de sistema est\u00e1 compuesto por &hellip; <\/p>\n<p class=\"link-more\"><a href=\"https:\/\/www.ts.com.mx\/?page_id=201\" class=\"more-link\">Continuar leyendo<span class=\"screen-reader-text\"> &#8220;Sistema&#8221;<\/span><\/a><\/p>\n","protected":false},"author":1,"featured_media":350,"parent":0,"menu_order":0,"comment_status":"closed","ping_status":"closed","template":"","meta":{"footnotes":""},"class_list":["post-201","page","type-page","status-publish","has-post-thumbnail","hentry"],"_links":{"self":[{"href":"https:\/\/www.ts.com.mx\/index.php?rest_route=\/wp\/v2\/pages\/201"}],"collection":[{"href":"https:\/\/www.ts.com.mx\/index.php?rest_route=\/wp\/v2\/pages"}],"about":[{"href":"https:\/\/www.ts.com.mx\/index.php?rest_route=\/wp\/v2\/types\/page"}],"author":[{"embeddable":true,"href":"https:\/\/www.ts.com.mx\/index.php?rest_route=\/wp\/v2\/users\/1"}],"replies":[{"embeddable":true,"href":"https:\/\/www.ts.com.mx\/index.php?rest_route=%2Fwp%2Fv2%2Fcomments&post=201"}],"version-history":[{"count":6,"href":"https:\/\/www.ts.com.mx\/index.php?rest_route=\/wp\/v2\/pages\/201\/revisions"}],"predecessor-version":[{"id":351,"href":"https:\/\/www.ts.com.mx\/index.php?rest_route=\/wp\/v2\/pages\/201\/revisions\/351"}],"wp:featuredmedia":[{"embeddable":true,"href":"https:\/\/www.ts.com.mx\/index.php?rest_route=\/wp\/v2\/media\/350"}],"wp:attachment":[{"href":"https:\/\/www.ts.com.mx\/index.php?rest_route=%2Fwp%2Fv2%2Fmedia&parent=201"}],"curies":[{"name":"wp","href":"https:\/\/api.w.org\/{rel}","templated":true}]}}