{"id":204,"date":"2017-01-23T16:36:33","date_gmt":"2017-01-23T22:36:33","guid":{"rendered":"http:\/\/wp.ts.com.mx\/?page_id=204"},"modified":"2020-03-05T16:33:36","modified_gmt":"2020-03-05T22:33:36","slug":"custom","status":"publish","type":"page","link":"https:\/\/www.ts.com.mx\/?page_id=204","title":{"rendered":"Custom"},"content":{"rendered":"<p style=\"text-align: left;\">Se elabora mediante un dise\u00f1o previo que debe reunir los requerimientos b\u00e1sicos \u201cBRIEF\u201d para su presencia en una exposici\u00f3n, feria o congreso.<\/p>\n<p><strong>\u00a0 * Presencia de marca<\/strong><br \/>\n<strong>\u00a0 * Imagen y calidad del stand<\/strong><\/p>\n<p><strong>Ambos, con la finalidad de proporcionar un acercamiento inmediato entre el visitante y el expositor;<\/strong> que el stand invite a visitarlo por medio de la asesor\u00eda que le brindemos para tal prop\u00f3sito y que su inversi\u00f3n sea todo un \u00e9xito. \u00bfQu\u00e9 le ofrecemos tambi\u00e9n? El <strong>dise\u00f1o industrial conjugado con lo arquitect\u00f3nico<\/strong>, con lo que cumplimentaremos los requerimientos necesarios de seguridad que exigen los lineamientos de Protecci\u00f3n Civil.<\/p>\n","protected":false},"excerpt":{"rendered":"<p>Se elabora mediante un dise\u00f1o previo que debe reunir los requerimientos b\u00e1sicos \u201cBRIEF\u201d para su presencia en una exposici\u00f3n, feria o congreso. \u00a0 * Presencia de marca \u00a0 * Imagen y calidad del stand Ambos, con la finalidad de proporcionar un acercamiento inmediato entre el visitante y el expositor; que el stand invite a visitarlo &hellip; <\/p>\n<p class=\"link-more\"><a href=\"https:\/\/www.ts.com.mx\/?page_id=204\" class=\"more-link\">Continuar leyendo<span class=\"screen-reader-text\"> &#8220;Custom&#8221;<\/span><\/a><\/p>\n","protected":false},"author":1,"featured_media":1096,"parent":0,"menu_order":0,"comment_status":"closed","ping_status":"closed","template":"","meta":{"footnotes":""},"class_list":["post-204","page","type-page","status-publish","has-post-thumbnail","hentry"],"_links":{"self":[{"href":"https:\/\/www.ts.com.mx\/index.php?rest_route=\/wp\/v2\/pages\/204"}],"collection":[{"href":"https:\/\/www.ts.com.mx\/index.php?rest_route=\/wp\/v2\/pages"}],"about":[{"href":"https:\/\/www.ts.com.mx\/index.php?rest_route=\/wp\/v2\/types\/page"}],"author":[{"embeddable":true,"href":"https:\/\/www.ts.com.mx\/index.php?rest_route=\/wp\/v2\/users\/1"}],"replies":[{"embeddable":true,"href":"https:\/\/www.ts.com.mx\/index.php?rest_route=%2Fwp%2Fv2%2Fcomments&post=204"}],"version-history":[{"count":6,"href":"https:\/\/www.ts.com.mx\/index.php?rest_route=\/wp\/v2\/pages\/204\/revisions"}],"predecessor-version":[{"id":498,"href":"https:\/\/www.ts.com.mx\/index.php?rest_route=\/wp\/v2\/pages\/204\/revisions\/498"}],"wp:featuredmedia":[{"embeddable":true,"href":"https:\/\/www.ts.com.mx\/index.php?rest_route=\/wp\/v2\/media\/1096"}],"wp:attachment":[{"href":"https:\/\/www.ts.com.mx\/index.php?rest_route=%2Fwp%2Fv2%2Fmedia&parent=204"}],"curies":[{"name":"wp","href":"https:\/\/api.w.org\/{rel}","templated":true}]}}