{"id":359,"date":"2017-01-30T11:30:26","date_gmt":"2017-01-30T17:30:26","guid":{"rendered":"http:\/\/wp.ts.com.mx\/?page_id=359"},"modified":"2020-01-09T15:47:47","modified_gmt":"2020-01-09T21:47:47","slug":"expo-azucar","status":"publish","type":"page","link":"https:\/\/www.ts.com.mx\/?page_id=359","title":{"rendered":"Expo Azucar"},"content":{"rendered":"<h2><img loading=\"lazy\" decoding=\"async\" class=\"alignnone size-full wp-image-360\" src=\"http:\/\/www.ts.com.mx\/wp-content\/uploads\/2017\/01\/azucar.jpg\" alt=\"\" width=\"656\" height=\"397\" srcset=\"https:\/\/www.ts.com.mx\/wp-content\/uploads\/2017\/01\/azucar.jpg 656w, https:\/\/www.ts.com.mx\/wp-content\/uploads\/2017\/01\/azucar-300x182.jpg 300w\" sizes=\"(max-width: 656px) 100vw, 656px\" \/><\/h2>\n<h2>EL DULCE SABOR DE LOS NEGOCIOS EN UN AMBIENTE IDEAL.<\/h2>\n<p><strong>FICHA T\u00c9CNICA \u2013 EXPO AZ\u00daCAR<\/strong><br \/>\nEDICIONES: 7<br \/>\nLUGAR: Boca del R\u00edo, Veracruz &#8220;WORLD TRADE CENTER&#8221;<br \/>\nTIPO: Exposici\u00f3n Internacional de proveedur\u00eda para la Agroindustria Azucarera.<br \/>\nFECHA: Septiembre<br \/>\nTAMA\u00d1O: 8000 m2<br \/>\nASISTENCIA: 5,500 Visitantes calificados con poder de compra.<br \/>\nWEB: www.ts.com.mx<\/p>\n","protected":false},"excerpt":{"rendered":"<p>EL DULCE SABOR DE LOS NEGOCIOS EN UN AMBIENTE IDEAL. FICHA T\u00c9CNICA \u2013 EXPO AZ\u00daCAR EDICIONES: 7 LUGAR: Boca del R\u00edo, Veracruz &#8220;WORLD TRADE CENTER&#8221; TIPO: Exposici\u00f3n Internacional de proveedur\u00eda para la Agroindustria Azucarera. FECHA: Septiembre TAMA\u00d1O: 8000 m2 ASISTENCIA: 5,500 Visitantes calificados con poder de compra. WEB: www.ts.com.mx<\/p>\n","protected":false},"author":1,"featured_media":565,"parent":0,"menu_order":0,"comment_status":"closed","ping_status":"closed","template":"","meta":{"footnotes":""},"class_list":["post-359","page","type-page","status-publish","has-post-thumbnail","hentry"],"_links":{"self":[{"href":"https:\/\/www.ts.com.mx\/index.php?rest_route=\/wp\/v2\/pages\/359"}],"collection":[{"href":"https:\/\/www.ts.com.mx\/index.php?rest_route=\/wp\/v2\/pages"}],"about":[{"href":"https:\/\/www.ts.com.mx\/index.php?rest_route=\/wp\/v2\/types\/page"}],"author":[{"embeddable":true,"href":"https:\/\/www.ts.com.mx\/index.php?rest_route=\/wp\/v2\/users\/1"}],"replies":[{"embeddable":true,"href":"https:\/\/www.ts.com.mx\/index.php?rest_route=%2Fwp%2Fv2%2Fcomments&post=359"}],"version-history":[{"count":5,"href":"https:\/\/www.ts.com.mx\/index.php?rest_route=\/wp\/v2\/pages\/359\/revisions"}],"predecessor-version":[{"id":1025,"href":"https:\/\/www.ts.com.mx\/index.php?rest_route=\/wp\/v2\/pages\/359\/revisions\/1025"}],"wp:featuredmedia":[{"embeddable":true,"href":"https:\/\/www.ts.com.mx\/index.php?rest_route=\/wp\/v2\/media\/565"}],"wp:attachment":[{"href":"https:\/\/www.ts.com.mx\/index.php?rest_route=%2Fwp%2Fv2%2Fmedia&parent=359"}],"curies":[{"name":"wp","href":"https:\/\/api.w.org\/{rel}","templated":true}]}}