{"id":364,"date":"2017-01-30T13:13:28","date_gmt":"2017-01-30T19:13:28","guid":{"rendered":"http:\/\/wp.ts.com.mx\/?page_id=364"},"modified":"2020-01-10T16:45:30","modified_gmt":"2020-01-10T22:45:30","slug":"expo-maquila","status":"publish","type":"page","link":"https:\/\/www.ts.com.mx\/?page_id=364","title":{"rendered":"Expo Maquila"},"content":{"rendered":"<p><img loading=\"lazy\" decoding=\"async\" class=\"alignnone wp-image-1030 size-full\" src=\"http:\/\/www.ts.com.mx\/wp-content\/uploads\/2017\/01\/MAQUILA-768-X-512-1.jpg\" alt=\"\" width=\"768\" height=\"512\" srcset=\"https:\/\/www.ts.com.mx\/wp-content\/uploads\/2017\/01\/MAQUILA-768-X-512-1.jpg 768w, https:\/\/www.ts.com.mx\/wp-content\/uploads\/2017\/01\/MAQUILA-768-X-512-1-300x200.jpg 300w\" sizes=\"(max-width: 767px) 89vw, (max-width: 1000px) 54vw, (max-width: 1071px) 543px, 580px\" \/><\/p>\n<p>LA FRONTERA DE ENLACE COMERCIAL M\u00c1S IMPORTANTE DE LA INDUSTRIA MAQUILADORA EN M\u00c9XICO.<\/p>\n<p><strong>FICHA T\u00c9CNICA \u2013 EXPO MAQUILA<\/strong><br \/>\nEDICIONES: 13<br \/>\nLUGAR: Chihuahua, Chihuahua. M\u00e9xico &#8220;EXPO CHIHUAHUA&#8221;<br \/>\nTIPO: Exposici\u00f3n Internacional de proveedur\u00eda para la industria maquiladora en M\u00e9xico.<br \/>\nTAMA\u00d1O: 8000 m2<br \/>\nASISTENCIA: 6,200 Visitantes calificados con poder de compra.<br \/>\nWEB: www.ts.com.mx<\/p>\n","protected":false},"excerpt":{"rendered":"<p>LA FRONTERA DE ENLACE COMERCIAL M\u00c1S IMPORTANTE DE LA INDUSTRIA MAQUILADORA EN M\u00c9XICO. FICHA T\u00c9CNICA \u2013 EXPO MAQUILA EDICIONES: 13 LUGAR: Chihuahua, Chihuahua. M\u00e9xico &#8220;EXPO CHIHUAHUA&#8221; TIPO: Exposici\u00f3n Internacional de proveedur\u00eda para la industria maquiladora en M\u00e9xico. TAMA\u00d1O: 8000 m2 ASISTENCIA: 6,200 Visitantes calificados con poder de compra. WEB: www.ts.com.mx<\/p>\n","protected":false},"author":1,"featured_media":1035,"parent":0,"menu_order":0,"comment_status":"closed","ping_status":"closed","template":"","meta":{"footnotes":""},"class_list":["post-364","page","type-page","status-publish","has-post-thumbnail","hentry"],"_links":{"self":[{"href":"https:\/\/www.ts.com.mx\/index.php?rest_route=\/wp\/v2\/pages\/364"}],"collection":[{"href":"https:\/\/www.ts.com.mx\/index.php?rest_route=\/wp\/v2\/pages"}],"about":[{"href":"https:\/\/www.ts.com.mx\/index.php?rest_route=\/wp\/v2\/types\/page"}],"author":[{"embeddable":true,"href":"https:\/\/www.ts.com.mx\/index.php?rest_route=\/wp\/v2\/users\/1"}],"replies":[{"embeddable":true,"href":"https:\/\/www.ts.com.mx\/index.php?rest_route=%2Fwp%2Fv2%2Fcomments&post=364"}],"version-history":[{"count":10,"href":"https:\/\/www.ts.com.mx\/index.php?rest_route=\/wp\/v2\/pages\/364\/revisions"}],"predecessor-version":[{"id":1031,"href":"https:\/\/www.ts.com.mx\/index.php?rest_route=\/wp\/v2\/pages\/364\/revisions\/1031"}],"wp:featuredmedia":[{"embeddable":true,"href":"https:\/\/www.ts.com.mx\/index.php?rest_route=\/wp\/v2\/media\/1035"}],"wp:attachment":[{"href":"https:\/\/www.ts.com.mx\/index.php?rest_route=%2Fwp%2Fv2%2Fmedia&parent=364"}],"curies":[{"name":"wp","href":"https:\/\/api.w.org\/{rel}","templated":true}]}}