{"id":74,"date":"2017-01-16T16:16:40","date_gmt":"2017-01-16T22:16:40","guid":{"rendered":"http:\/\/wp.ts.com.mx\/?page_id=74"},"modified":"2024-03-01T12:20:23","modified_gmt":"2024-03-01T18:20:23","slug":"acerca-de","status":"publish","type":"page","link":"https:\/\/www.ts.com.mx\/?page_id=74","title":{"rendered":"Grupo Trade Show"},"content":{"rendered":"<h2><\/h2>\n<h2><strong>Expertos en Comunicaci\u00f3n Visual Integral.<\/strong><\/h2>\n<ul>\n<li>Organizaci\u00f3n y planificaci\u00f3n de exposiciones internacionales.<\/li>\n<li>Realizaci\u00f3n, pre-montaje y montaje de exposiciones, ferias, congresos, seminarios y conferencias.<\/li>\n<li>Consultor\u00edas en exposiciones y comunicaci\u00f3n visual integral.<\/li>\n<li>Dise\u00f1o de material publicitario para cualquier tipo de evento.<\/li>\n<li>Dise\u00f1o de stands.<\/li>\n<li>Renta de Mobiliario, equipos de Audio y Video.<\/li>\n<\/ul>\n","protected":false},"excerpt":{"rendered":"<p>Expertos en Comunicaci\u00f3n Visual Integral. Organizaci\u00f3n y planificaci\u00f3n de exposiciones internacionales. Realizaci\u00f3n, pre-montaje y montaje de exposiciones, ferias, congresos, seminarios y conferencias. Consultor\u00edas en exposiciones y comunicaci\u00f3n visual integral. Dise\u00f1o de material publicitario para cualquier tipo de evento. Dise\u00f1o de stands. Renta de Mobiliario, equipos de Audio y Video.<\/p>\n","protected":false},"author":1,"featured_media":1268,"parent":0,"menu_order":0,"comment_status":"closed","ping_status":"closed","template":"","meta":{"footnotes":""},"class_list":["post-74","page","type-page","status-publish","has-post-thumbnail","hentry"],"_links":{"self":[{"href":"https:\/\/www.ts.com.mx\/index.php?rest_route=\/wp\/v2\/pages\/74"}],"collection":[{"href":"https:\/\/www.ts.com.mx\/index.php?rest_route=\/wp\/v2\/pages"}],"about":[{"href":"https:\/\/www.ts.com.mx\/index.php?rest_route=\/wp\/v2\/types\/page"}],"author":[{"embeddable":true,"href":"https:\/\/www.ts.com.mx\/index.php?rest_route=\/wp\/v2\/users\/1"}],"replies":[{"embeddable":true,"href":"https:\/\/www.ts.com.mx\/index.php?rest_route=%2Fwp%2Fv2%2Fcomments&post=74"}],"version-history":[{"count":6,"href":"https:\/\/www.ts.com.mx\/index.php?rest_route=\/wp\/v2\/pages\/74\/revisions"}],"predecessor-version":[{"id":516,"href":"https:\/\/www.ts.com.mx\/index.php?rest_route=\/wp\/v2\/pages\/74\/revisions\/516"}],"wp:featuredmedia":[{"embeddable":true,"href":"https:\/\/www.ts.com.mx\/index.php?rest_route=\/wp\/v2\/media\/1268"}],"wp:attachment":[{"href":"https:\/\/www.ts.com.mx\/index.php?rest_route=%2Fwp%2Fv2%2Fmedia&parent=74"}],"curies":[{"name":"wp","href":"https:\/\/api.w.org\/{rel}","templated":true}]}}