{"id":876,"date":"2019-09-04T15:18:28","date_gmt":"2019-09-04T21:18:28","guid":{"rendered":"http:\/\/www.ts.com.mx\/?page_id=876"},"modified":"2024-03-11T11:04:52","modified_gmt":"2024-03-11T17:04:52","slug":"expohoreca-bajio","status":"publish","type":"page","link":"https:\/\/www.ts.com.mx\/?page_id=876","title":{"rendered":"Expohoreca Baj\u00edo"},"content":{"rendered":"<h2>\u00a0<img loading=\"lazy\" decoding=\"async\" class=\"alignnone wp-image-1273 size-full\" src=\"https:\/\/www.ts.com.mx\/wp-content\/uploads\/2024\/03\/BAJIO-2025.jpg\" alt=\"\" width=\"768\" height=\"512\" srcset=\"https:\/\/www.ts.com.mx\/wp-content\/uploads\/2024\/03\/BAJIO-2025.jpg 768w, https:\/\/www.ts.com.mx\/wp-content\/uploads\/2024\/03\/BAJIO-2025-300x200.jpg 300w\" sizes=\"(max-width: 767px) 89vw, (max-width: 1000px) 54vw, (max-width: 1071px) 543px, 580px\" \/><\/h2>\n<h2>EL CORAZ\u00d3N HO.RE.CA. DE M\u00c9XICO.<\/h2>\n<p><strong>FICHA T\u00c9CNICA\u00a0 EXPOHORECA BAJIO<\/strong><br \/>\nEDICI\u00d3N: 1a. edici\u00f3n en el 2025<br \/>\nLUGAR: Le\u00f3n, Guanajuato. POLIFORUM LE\u00d3N<br \/>\nTIPO: Exposici\u00f3n Internacional de proveedur\u00eda para la Industria de la Hospitalidad.<br \/>\nFECHA: 25 al 27 de noviembre del 2025<br \/>\nTAMA\u00d1O: +2,500 m2.<br \/>\nASISTENCIA: M\u00e1s de 3,000 compradores profesionales del sector HO.RE.CA.<br \/>\nWEB: <a href=\"https:\/\/www.expohorecabajio.com\/\">www.expohorecabajio.com<\/a><\/p>\n<p><strong>TEMA:<\/strong><br \/>\nExposici\u00f3n Internacional de proveedores para la Industria de la Hospitalidad (Sector HO.RE.CA.)<\/p>\n<p><strong>CATEGOR\u00cdA DE PRODUCTOS:<\/strong><\/p>\n<p><strong>Alimentos, Bebidas, Equipo, Tecnolog\u00eda, Loza y cristaler\u00eda, Blancos, Iluminaci\u00f3n, Servicios, Mantenimiento, Mobiliario, Enseres, Construcci\u00f3n, Decoraci\u00f3n, Amenidades, Seguridad.<\/strong><\/p>\n<ul>\n<li><strong>Habitaciones<\/strong>: +89,900 llaves cuarto de las principales ciudades del Baj\u00edo (SECTUR)<\/li>\n<li><strong>Restaurantes, cafeter\u00edas y bares:<\/strong>\u00a0 +13,100 de las principales ciudades del Baj\u00edo (SECTUR)<\/li>\n<li><strong>Eventos especiales:<\/strong>\u00a0 REUNIONES B2B, PROGRAMA EDUCATIVO, Conferencias Magistrales Multidisciplinarias, Seminarios, Talleres, Demostraciones Gastron\u00f3micas, Cata de vinos, Activaciones, Concursos.<\/li>\n<\/ul>\n<p><strong>PERFIL DEL VISITANTE:<\/strong><br \/>\n<strong>Origen:<\/strong>\u00a0 \u00a0M\u00e9xico\u00a0\u00b7 Estados Unidos\u00a0\u00b7 Canad\u00e1\u00a0\u00b7\u00a0Espa\u00f1a\u00a0\u00b7 Latinoam\u00e9rica.<\/p>\n<p><strong>Sectores:<\/strong>\u00a0 \u00a0Gran Turismo y 5 estrellas \u00b7\u00a0 Hoteles de 4, 3 estrellas y Hoteles Boutique \u00b7 Restaurantes, Cafeter\u00edas, Bares \u00b7\u00a0 Mantenimiento\u00a0\u00b7\u00a0 Decoraci\u00f3n \u00b7\u00a0 Instituciones Gubernamentales \u00b7 Comedores Industriales.<\/p>\n<p><strong>Nivel:<\/strong>\u00a0 \u00a0Due\u00f1o \u00b7\u00a0 Direcci\u00f3n General \u00b7\u00a0 Gerente A&amp;B \u00b7 Mantenimiento\u00a0\u00b7\u00a0 Chef Ejecutivo \u00b7\u00a0 Administrador.<\/p>\n<p><strong>Presupuesto:<\/strong>\u00a0 $5 MDD en negociaciones de corto a mediano plazo.<\/p>\n","protected":false},"excerpt":{"rendered":"<p>\u00a0 EL CORAZ\u00d3N HO.RE.CA. DE M\u00c9XICO. FICHA T\u00c9CNICA\u00a0 EXPOHORECA BAJIO EDICI\u00d3N: 1a. edici\u00f3n en el 2025 LUGAR: Le\u00f3n, Guanajuato. POLIFORUM LE\u00d3N TIPO: Exposici\u00f3n Internacional de proveedur\u00eda para la Industria de la Hospitalidad. FECHA: 25 al 27 de noviembre del 2025 TAMA\u00d1O: +2,500 m2. ASISTENCIA: M\u00e1s de 3,000 compradores profesionales del sector HO.RE.CA. WEB: www.expohorecabajio.com TEMA: &hellip; <\/p>\n<p class=\"link-more\"><a href=\"https:\/\/www.ts.com.mx\/?page_id=876\" class=\"more-link\">Continuar leyendo<span class=\"screen-reader-text\"> &#8220;Expohoreca Baj\u00edo&#8221;<\/span><\/a><\/p>\n","protected":false},"author":1,"featured_media":0,"parent":0,"menu_order":0,"comment_status":"closed","ping_status":"closed","template":"","meta":{"footnotes":""},"class_list":["post-876","page","type-page","status-publish","hentry"],"_links":{"self":[{"href":"https:\/\/www.ts.com.mx\/index.php?rest_route=\/wp\/v2\/pages\/876"}],"collection":[{"href":"https:\/\/www.ts.com.mx\/index.php?rest_route=\/wp\/v2\/pages"}],"about":[{"href":"https:\/\/www.ts.com.mx\/index.php?rest_route=\/wp\/v2\/types\/page"}],"author":[{"embeddable":true,"href":"https:\/\/www.ts.com.mx\/index.php?rest_route=\/wp\/v2\/users\/1"}],"replies":[{"embeddable":true,"href":"https:\/\/www.ts.com.mx\/index.php?rest_route=%2Fwp%2Fv2%2Fcomments&post=876"}],"version-history":[{"count":16,"href":"https:\/\/www.ts.com.mx\/index.php?rest_route=\/wp\/v2\/pages\/876\/revisions"}],"predecessor-version":[{"id":1283,"href":"https:\/\/www.ts.com.mx\/index.php?rest_route=\/wp\/v2\/pages\/876\/revisions\/1283"}],"wp:attachment":[{"href":"https:\/\/www.ts.com.mx\/index.php?rest_route=%2Fwp%2Fv2%2Fmedia&parent=876"}],"curies":[{"name":"wp","href":"https:\/\/api.w.org\/{rel}","templated":true}]}}