{"id":946,"date":"2019-10-03T10:38:17","date_gmt":"2019-10-03T16:38:17","guid":{"rendered":"http:\/\/www.ts.com.mx\/?page_id=946"},"modified":"2019-10-16T16:22:14","modified_gmt":"2019-10-16T22:22:14","slug":"privacy-policy","status":"publish","type":"page","link":"https:\/\/www.ts.com.mx\/?page_id=946","title":{"rendered":"Privacy Policy"},"content":{"rendered":"<p><strong><u>AVISO DE PRIVACIDAD PARA LA PROTECCI\u00d3N DE DATOS PERSONALES\u00a0\u00a0<\/u><\/strong><\/p>\n<p>Conforme a lo previsto en la Ley Federal de Protecci\u00f3n de Datos Personales en Posesi\u00f3n de los Particulares, en sus abreviaturas LFPDPPP (la \u201cLey\u201d), y en cumplimiento de la obligaci\u00f3n a cargo de\u00a0<strong>GRUPO TRADE SHOW S.A. de C.V.\u00a0<\/strong>consistente en proteger los datos personales, hacemos de su conocimiento el presente Aviso de Privacidad, en el que en todo momento se buscar\u00e1 que el tratamiento de los datos sea leg\u00edtimo, controlado e informado, a efecto de garantizar la privacidad de los mismos.<\/p>\n<p>El presente Aviso de Privacidad detalla la informaci\u00f3n que nos proporciona, c\u00f3mo la recabamos, el tratamiento de sus datos personales, del uso que se le d\u00e9 a los mismos y como los protegemos.<\/p>\n<p><strong>IDENTIDAD Y DOMICILIO DEL RESPONSABLE<\/strong><\/p>\n<p>En el sitio web\u00a0<strong><a href=\"http:\/\/www.ts.com.mx\">www.ts.com.mx<\/a><\/strong>, as\u00ed como en el Call Center (55) 50-77-47-42, ambos de la Empresa\u00a0<strong>GRUPO TRADE SHOW S.A. de C.V.\u00a0<\/strong>con domicilio en Cda. de Sonora N\u00fam. 7, Col. M\u00e9xico Nuevo, Atizap\u00e1n de Zaragoza, Edo. de M\u00e9xico, C.P. 52966 nos comprometemos a proteger la privacidad de sus datos personales con forme a la \u201cLey\u201d y al respecto le informa lo siguiente:<\/p>\n<p><strong>LO QUE HACEMOS CON LA INFORMACI\u00d3N<\/strong><\/p>\n<p>Los datos personales ser\u00e1n \u00fanicamente utilizados para las siguientes finalidades:<\/p>\n<ul>\n<li>Registrarse como asistente a algunas de las siguientes exposiciones:\u00a0<strong>EXPHOTEL\u00a0<\/strong><strong><em>\u00ae<\/em><\/strong><strong>\u00a0CANC\u00daN<\/strong>,\u00a0<strong>EXPOHORECA BAJ\u00cdO\u00a0<\/strong><strong><em>\u00ae<\/em><\/strong>,\u00a0<strong>EXPOBUSINESS\u00a0<\/strong><strong><em>\u00ae<\/em><\/strong>,\u00a0<strong>EXPO H&amp;R\u00a0<\/strong><strong><em>\u00ae<\/em><\/strong>,\u00a0<strong>EXPO INDUSTRIAL SONORA\u00a0<\/strong><strong><em>\u00ae<\/em><\/strong>,\u00a0<strong>EXPO MAQUILA\u00a0<\/strong><strong><em>\u00ae,\u00a0<\/em><\/strong><strong>EXPO AZUCAR\u00a0<\/strong><strong><em>\u00ae<\/em><\/strong>.<\/li>\n<li>Informarle sobre cambios o nuevos productos o servicios que est\u00e9n relacionados con el contratado o adquirido por el cliente.<\/li>\n<li>Informarle sobre pr\u00f3ximos eventos de\u00a0<strong>GRUPO TRADE SHOW S.A de C.V.<\/strong>, o promociones de la misma o cualquiera de sus empresas y\/o personas morales afiliadas.<\/li>\n<li>Evaluar la calidad y organizaci\u00f3n de\u00a0<strong>GRUPO TRADE SHOW S.A de C.V.\u00a0<\/strong>en cada uno de nuestros eventos.<\/li>\n<li>Realizar encuestas sobre el servicio contratado.<\/li>\n<li>Realizar estudios internos sobre h\u00e1bitos de consumo.<\/li>\n<li>Incorporarlos a los gafetes de identificaci\u00f3n, mismos que ser\u00e1n entregados a los titulares de los datos personales en la entrada de la expo.<\/li>\n<li>Cumplir con las obligaciones derivadas de los contratos celebrados entre el titular de los datos personales y\u00a0<strong>GRUPO TRADE SHOW S.A de C.V.<\/strong><\/li>\n<li>Cumplir con cualquier obligaci\u00f3n derivada de una relaci\u00f3n jur\u00eddica presente o futura entre el titular de los datos personales y\u00a0<strong>GRUPO TRADE SHOW S.A de C.V.<\/strong><\/li>\n<\/ul>\n<p><strong>INFORMACI\u00d3N RECOLECTADA<\/strong><\/p>\n<p>Si usted se registra a trav\u00e9s de nuestro sitio web y\/o por cualquier medio de recolecci\u00f3n de datos, incluyendo medios impresos, electr\u00f3nicos o verbales, recolectaremos y almacenaremos:<\/p>\n<ul>\n<li>Nombre completo<\/li>\n<li>Direcci\u00f3n<\/li>\n<li>Tel\u00e9fono<\/li>\n<li>Correo electr\u00f3nico<\/li>\n<li>P\u00e1gina Web<\/li>\n<li>Sexo<\/li>\n<li>Edad<\/li>\n<li>Fecha de nacimiento<\/li>\n<li>Giro o actividad que realiza<\/li>\n<li>Si es estudiante o empleado y el puesto<\/li>\n<li>Categor\u00eda y compa\u00f1\u00eda para la que trabaja<\/li>\n<li>As\u00ed como la informaci\u00f3n obtenida a trav\u00e9s de otras fuentes que est\u00e1n permitidas por la Ley<\/li>\n<\/ul>\n<p>Ninguno considerado como sensible seg\u00fan la Ley Federal de Protecci\u00f3n de Datos Personales en Posesi\u00f3n de los Particulares.<\/p>\n<p><strong>ACEPTACI\u00d3N DEL AVISO DE PRIVACIDAD<\/strong><\/p>\n<p>Al momento de realizar su pre registro o registro definitivo se te dar\u00e1 a conocer el presente Aviso de Privacidad el cual aceptas de forma electr\u00f3nica mediante el icono respectivo.<\/p>\n<p><strong>PLAZO DE CONSERVACI\u00d3N DE LOS DATOS PERSONALES<\/strong><\/p>\n<p>Conservaremos sus datos personales recabados \u00fanicamente por cinco a\u00f1os contados a partir, ya sea del pre registro o a partir de la terminaci\u00f3n de la relaci\u00f3n jur\u00eddica, despu\u00e9s del periodo mencionado procederemos a bloquear, cancelar y suprimir sus datos en nuestro poder.<\/p>\n<p><strong>\u00a0<\/strong><\/p>\n<p><strong>EJERCICIO DE DERECHOS ARCO<\/strong><\/p>\n<p>Los usuarios de nuestro sitio Web o Call Center pueden ejercer sus derechos de Acceso, Rectificaci\u00f3n, Cancelaci\u00f3n y Oposici\u00f3n (ARCO) respecto de los datos personales recabados, as\u00ed como limitar el uso de los mismos, enviando una solicitud a la direcci\u00f3n de correo electr\u00f3nico\u00a0<strong>datospersonales@ts.com.mx<\/strong>\u00a0o por escrito a la siguiente direcci\u00f3n: Cda. de Sonora N\u00fam. 7, Col. M\u00e9xico Nuevo, Atizap\u00e1n de Zaragoza, Edo. de M\u00e9xico, C.P. 52966<\/p>\n<p>Para\u00a0<strong>GRUPO TRADE SHOW S.A de C.V.,\u00a0<\/strong>mantener la privacidad y los procedimientos de seguridad que protegen sus datos personales es muy importante, por lo que, en caso de duda, puede enviarla a la direcci\u00f3n de correo electr\u00f3nico\u00a0<strong>datospersonales@ts.com.mx<\/strong>\u00a0o comunicarse al tel\u00e9fono: (55) 50-77-47-42.<\/p>\n<p><strong>TRANSMISI\u00d3N DE SUS DATOS<\/strong><\/p>\n<p>Nos comprometemos a no transferir su informaci\u00f3n personal a terceros sin su consentimiento con la excepci\u00f3n de los dispuesto por el art\u00edculo 37 de la Ley de Protecci\u00f3n de Datos Personales en Posesi\u00f3n de Particulares, as\u00ed como que sus datos personales pueden ser transferidos y tratados dentro y fuera del pa\u00eds, por personas distintas a esta Empresa. En ese sentido, su informaci\u00f3n puede ser compartida con Empresas afiliadas o asociadas a\u00a0<strong>GRUPO TRADE SHOW S.A de C.V.,<\/strong>\u00a0para fines de invitaci\u00f3n a otros eventos relacionados con la proveedur\u00eda de insumos y servicios. Si Usted no manifiesta su oposici\u00f3n para que sus datos personales sean transferidos, se entender\u00e1 que ha otorgado su consentimiento para ello.<\/p>\n<p>No se realizar\u00e1n transferencias que contengan datos personales considerados por la Ley como sensibles salvo que se recabe previamente el consentimiento expreso del Titular.<\/p>\n<p>Los terceros que reciban la Informaci\u00f3n deber\u00e1n asumir previamente y por escrito, las mismas obligaciones respecto del manejo y cuidado de la Informaci\u00f3n que se establecen en este Aviso de Privacidad.<\/p>\n<p><strong>LIGAS A OTROS SITOS WEB<\/strong><\/p>\n<p>Este Aviso de Privacidad solamente concierne al sitio Web de nuestra propiedad. Esto no incluye ligas a sitios Web de terceros. El uso de la informaci\u00f3n recolectada por estos sitios es, en su totalidad, responsabilidad de los sitios Web de terceros. Los mismos tienen sus propios avisos de privacidad en cuanto a la recolecci\u00f3n y uso de informaci\u00f3n personal, as\u00ed como del uso de cookies, te recomendamos que leas su pol\u00edtica de privacidad o contactes a la propietaria del sitio Web.<\/p>\n<p><strong>SEGURIDAD<\/strong><\/p>\n<p>Solamente recolectamos informaci\u00f3n que estimamos razonablemente necesaria para servir con los intereses leg\u00edtimos de nuestro negocio y para cumplir con nuestras obligaciones legales. Protegemos a los titulares de los datos personales por cuanto a su informaci\u00f3n divulgada, utilizando est\u00e1ndares de protecci\u00f3n vigentes en la industria y de conformidad con la Ley Federal de Protecci\u00f3n de Datos Personales en Posesi\u00f3n de los Particulares y de su Reglamento. Con independencia que no exista una &#8220;seguridad garantizada&#8221; ya sea en Internet o fuera del mismo, nosotros realizamos los esfuerzos comercialmente razonables para lograr que la recolecci\u00f3n de informaci\u00f3n que realicemos se haga de conformidad con toda la legislaci\u00f3n aplicable.<\/p>\n<p><strong>MODIFICACIONES AL AVISO DE PRIVACIDAD<\/strong><\/p>\n<p>Nos reservamos el derecho de efectuar en cualquier momento modificaciones o actualizaciones al Aviso de Privacidad, con el fin de cumplir con nuevas disposiciones establecidas en la Ley de la materia, cambios en las pol\u00edticas internas o nuevos requerimientos para la prestaci\u00f3n u ofrecimiento de nuestros servicios.<\/p>\n<p>Cuando sea el caso, las modificaciones estar\u00e1n disponibles y visibles en nuestras oficinas o a efectos de lo anterior, la Empresa a su elecci\u00f3n, podr\u00e1 comunicar al titular los cambios realizados al presente Aviso de Privacidad a trav\u00e9s de cualquiera de los siguientes medios: avisos colocados en lugares visibles en las oficinas de la Empresa, escrito enviado a cualquiera de los domicilios que se tengan del titular, avisos colocados en el sitio de Internet de la Empresa o se las haremos llegar al \u00faltimo correo electr\u00f3nico que nos proporcione el titular.<\/p>\n<p><strong>CONTACTO<\/strong><\/p>\n<p>Puedes contactarnos para conocer los procedimientos, los requisitos y plazos descritos en este Aviso de Privacidad al tel\u00e9fono (55) 50-77-47-42 o al correo electr\u00f3nico\u00a0<strong><a href=\"mailto:datospersonales@ts.com.mx\">datospersonales@ts.com.mx<\/a><\/strong>, por escrito o personalmente a la siguiente direcci\u00f3n: Cda. de Sonora N\u00fam. 7, Col. M\u00e9xico Nuevo, Atizap\u00e1n de Zaragoza, Edo. de M\u00e9xico, C.P. 52966 o visitando nuestra p\u00e1gina de Internet\u00a0<strong><a href=\"http:\/\/www.ts.com.mx\">www.ts.com.mx<\/a><\/strong>\u00a0(<strong>GRUPO TRADE SHOW S.A. de C.V.<\/strong>)<\/p>\n<p><strong>\u00a0<\/strong><\/p>\n<p><strong>INFORMACI\u00d3N<\/strong><\/p>\n<p>Para mayor informaci\u00f3n al respecto visite www.ifai.org.mx<\/p>\n","protected":false},"excerpt":{"rendered":"<p>AVISO DE PRIVACIDAD PARA LA PROTECCI\u00d3N DE DATOS PERSONALES\u00a0\u00a0 Conforme a lo previsto en la Ley Federal de Protecci\u00f3n de Datos Personales en Posesi\u00f3n de los Particulares, en sus abreviaturas LFPDPPP (la \u201cLey\u201d), y en cumplimiento de la obligaci\u00f3n a cargo de\u00a0GRUPO TRADE SHOW S.A. de C.V.\u00a0consistente en proteger los datos personales, hacemos de su &hellip; <\/p>\n<p class=\"link-more\"><a href=\"https:\/\/www.ts.com.mx\/?page_id=946\" class=\"more-link\">Continuar leyendo<span class=\"screen-reader-text\"> &#8220;Privacy Policy&#8221;<\/span><\/a><\/p>\n","protected":false},"author":1,"featured_media":983,"parent":0,"menu_order":0,"comment_status":"closed","ping_status":"closed","template":"","meta":{"footnotes":""},"class_list":["post-946","page","type-page","status-publish","has-post-thumbnail","hentry"],"_links":{"self":[{"href":"https:\/\/www.ts.com.mx\/index.php?rest_route=\/wp\/v2\/pages\/946"}],"collection":[{"href":"https:\/\/www.ts.com.mx\/index.php?rest_route=\/wp\/v2\/pages"}],"about":[{"href":"https:\/\/www.ts.com.mx\/index.php?rest_route=\/wp\/v2\/types\/page"}],"author":[{"embeddable":true,"href":"https:\/\/www.ts.com.mx\/index.php?rest_route=\/wp\/v2\/users\/1"}],"replies":[{"embeddable":true,"href":"https:\/\/www.ts.com.mx\/index.php?rest_route=%2Fwp%2Fv2%2Fcomments&post=946"}],"version-history":[{"count":4,"href":"https:\/\/www.ts.com.mx\/index.php?rest_route=\/wp\/v2\/pages\/946\/revisions"}],"predecessor-version":[{"id":985,"href":"https:\/\/www.ts.com.mx\/index.php?rest_route=\/wp\/v2\/pages\/946\/revisions\/985"}],"wp:featuredmedia":[{"embeddable":true,"href":"https:\/\/www.ts.com.mx\/index.php?rest_route=\/wp\/v2\/media\/983"}],"wp:attachment":[{"href":"https:\/\/www.ts.com.mx\/index.php?rest_route=%2Fwp%2Fv2%2Fmedia&parent=946"}],"curies":[{"name":"wp","href":"https:\/\/api.w.org\/{rel}","templated":true}]}}